{"id":34,"date":"2025-09-09T21:05:02","date_gmt":"2025-09-09T21:05:02","guid":{"rendered":"https:\/\/www.gbjurapartners.com\/?page_id=34"},"modified":"2025-11-13T22:32:14","modified_gmt":"2025-11-13T22:32:14","slug":"hakkimizda","status":"publish","type":"page","link":"https:\/\/www.gbjurapartners.com\/de\/hakkimizda\/","title":{"rendered":"\u00dcber uns"},"content":{"rendered":"<p>[et_pb_section fb_built=&#8221;1&#8243; _builder_version=&#8221;4.27.4&#8243; _module_preset=&#8221;default&#8221; background_image=&#8221;https:\/\/www.gbjurapartners.com\/wp-content\/uploads\/2025\/10\/3987921.jpg&#8221; background_position=&#8221;bottom_center&#8221; custom_margin=&#8221;-60px||||false|false&#8221; da_disable_devices=&#8221;off|off|off&#8221; global_colors_info=&#8221;{}&#8221; da_is_popup=&#8221;off&#8221; da_exit_intent=&#8221;off&#8221; da_has_close=&#8221;on&#8221; da_alt_close=&#8221;off&#8221; da_dark_close=&#8221;off&#8221; da_not_modal=&#8221;on&#8221; da_is_singular=&#8221;off&#8221; da_with_loader=&#8221;off&#8221; da_has_shadow=&#8221;on&#8221;][et_pb_row _builder_version=&#8221;4.27.4&#8243; _module_preset=&#8221;default&#8221; global_colors_info=&#8221;{}&#8221;][et_pb_column type=&#8221;4_4&#8243; _builder_version=&#8221;4.27.4&#8243; _module_preset=&#8221;default&#8221; global_colors_info=&#8221;{}&#8221;][et_pb_text _builder_version=&#8221;4.27.4&#8243; _module_preset=&#8221;default&#8221; text_font=&#8221;Dancing Script|600|||||||&#8221; text_font_size=&#8221;40px&#8221; text_line_height=&#8221;1.4em&#8221; text_orientation=&#8221;center&#8221; background_layout=&#8221;dark&#8221; custom_margin=&#8221;30px||||false|false&#8221; global_colors_info=&#8221;{}&#8221;]<\/p>\n<p>F\u00fcr professionelle Unterst\u00fctzung und eine sichere Begleitung Ihrer rechtlichen Angelegenheiten k\u00f6nnen Sie uns jederzeit kontaktieren.<\/p>\n<p>[\/et_pb_text][\/et_pb_column][\/et_pb_row][\/et_pb_section][et_pb_section fb_built=&#8221;1&#8243; _builder_version=&#8221;4.27.4&#8243; _module_preset=&#8221;default&#8221; da_disable_devices=&#8221;off|off|off&#8221; global_colors_info=&#8221;{}&#8221; da_is_popup=&#8221;off&#8221; da_exit_intent=&#8221;off&#8221; da_has_close=&#8221;on&#8221; da_alt_close=&#8221;off&#8221; da_dark_close=&#8221;off&#8221; da_not_modal=&#8221;on&#8221; da_is_singular=&#8221;off&#8221; da_with_loader=&#8221;off&#8221; da_has_shadow=&#8221;on&#8221;][et_pb_row column_structure=&#8221;1_2,1_2&#8243; _builder_version=&#8221;4.27.4&#8243; _module_preset=&#8221;default&#8221; max_width=&#8221;1440px&#8221; hover_enabled=&#8221;0&#8243; global_colors_info=&#8221;{}&#8221; sticky_enabled=&#8221;0&#8243; width_last_edited=&#8221;on|desktop&#8221; width_tablet=&#8221;95%&#8221; width_phone=&#8221;95%&#8221;][et_pb_column type=&#8221;1_2&#8243; _builder_version=&#8221;4.27.4&#8243; _module_preset=&#8221;default&#8221; global_colors_info=&#8221;{}&#8221;][et_pb_text _builder_version=&#8221;4.27.4&#8243; _module_preset=&#8221;default&#8221; text_font=&#8221;Bitter||||||||&#8221; text_font_size=&#8221;16px&#8221; header_3_font=&#8221;Bitter||||||||&#8221; header_3_font_size=&#8221;24px&#8221; global_colors_info=&#8221;{}&#8221;]<\/p>\n<h3 style=\"text-align: center;\"><strong><span>Av. Emine Bendenur G\u00dcLKAN KANBUR<\/span><\/strong><\/h3>\n<p style=\"text-align: justify;\"><img loading=\"lazy\" decoding=\"async\" src=\"https:\/\/www.gbjurapartners.com\/wp-content\/uploads\/2025\/10\/bendenur-194x300.png\" width=\"194\" height=\"300\" alt=\"\" class=\"wp-image-96 alignleft size-medium\" \/>Av. Emine Bendenur G\u00fclkan Kanbur wurde 1994 in Ankara geboren. 2017 schloss sie ihr Studium an der Rechtsfakult\u00e4t der Ba\u015fkent-Universit\u00e4t ab. Nach einer Zeit in Kanada, in der sie internationale Erfahrungen sammelte, setzte sie ihre anwaltliche T\u00e4tigkeit in der T\u00fcrkei fort.<\/p>\n<p style=\"text-align: justify;\">Sie verf\u00fcgt \u00fcber umfassende Erfahrung in verschiedenen Rechtsgebieten. Besonders im Migrations- und Asylrecht, Erbrecht, Familienrecht sowie bei Anerkennungs- und Vollstreckungsverfahren unterst\u00fctzt sie ihre Mandanten professionell. Dazu geh\u00f6ren unter anderem Verfahren zu Aufenthaltstiteln in Deutschland und der T\u00fcrkei, Familiennachzug, Arbeits- und Studienvisa.\nDar\u00fcber hinaus bietet sie ihren Mandanten umfassende Beratung im Bereich Unternehmensgr\u00fcndungen, ausl\u00e4ndische Investitionen, Vertragsrecht sowie internationale Schiedsverfahren \u2013 auf T\u00fcrkisch, Englisch und Deutsch.<\/p>\n<p>[\/et_pb_text][\/et_pb_column][et_pb_column type=&#8221;1_2&#8243; _builder_version=&#8221;4.27.4&#8243; _module_preset=&#8221;default&#8221; global_colors_info=&#8221;{}&#8221;][et_pb_text _builder_version=&#8221;4.27.4&#8243; _module_preset=&#8221;default&#8221; text_font=&#8221;Bitter||||||||&#8221; text_font_size=&#8221;16px&#8221; header_3_font=&#8221;Bitter||||||||&#8221; header_3_font_size=&#8221;24px&#8221; text_orientation=&#8221;justified&#8221; global_colors_info=&#8221;{}&#8221;]<\/p>\n<h3 style=\"text-align: center;\"><strong><span>Av. Melike Merve BALO<\/span><\/strong><\/h3>\n<p style=\"text-align: justify;\"><strong><img loading=\"lazy\" decoding=\"async\" src=\"https:\/\/www.gbjurapartners.com\/wp-content\/uploads\/2025\/10\/merve-178x300.png\" width=\"178\" height=\"300\" alt=\"\" class=\"wp-image-97 alignleft size-medium\" \/>Av. Melike Merve BALO<\/strong>Av. Melike Merve BALO wurde 1994 in Ankara geboren. 2018 schloss sie ihr Studium an der Rechtsfakult\u00e4t der Ba\u015fkent-Universit\u00e4t ab. Nach einer Zeit in Kanada, in der sie internationale Erfahrungen sammelte, setzte sie ihre anwaltliche T\u00e4tigkeit in Deutschland fort. An der Georg-August-Universit\u00e4t G\u00f6ttingen absolvierte sie ihren Master im Bereich Markenrecht.<\/p>\n<p style=\"text-align: justify;\" class=\"translation-block\">Dank ihrer tiefgehenden Kenntnisse sowohl des t\u00fcrkischen als auch des deutschen Rechtssystems hat sich BALO insbesondere auf die Bereiche Familienrecht, Migrationsrecht, Marken- und Patentrecht, internationale Handelssachen, Familiennachzug, Staatsangeh\u00f6rigkeits- und Aufenthaltsrecht sowie internationale Sorgerechtsverfahren spezialisiert.<\/p>\n<p style=\"text-align: justify;\" class=\"translation-block\">Neben T\u00fcrkisch und Englisch spricht sie Deutsch auf muttersprachlichem Niveau und bietet ihren Mandanten stets eine freundliche, l\u00f6sungsorientierte und professionelle Beratung.<\/p>\n<p>[\/et_pb_text][\/et_pb_column][\/et_pb_row][\/et_pb_section]<\/p>","protected":false},"excerpt":{"rendered":"<p>Profesyonel destek almak ve s\u00fcrecinizi g\u00fcvenle y\u00fcr\u00fctmek i\u00e7in bizimle ileti\u015fime ge\u00e7ebilirsiniz.Av. Emine Bendenur G\u00dcLKAN KANBUR Av. Emine Bendenur G\u00fclkan Kanbur, 1994 y\u0131l\u0131nda Ankara\u2019da do\u011fmu\u015ftur. 2017 y\u0131l\u0131nda Ba\u015fkent \u00dcniversitesi Hukuk Fak\u00fcltesi\u2019nden mezun olmu\u015ftur. Bir s\u00fcre Kanada\u2019da ya\u015fam\u0131\u015f ve uluslararas\u0131 deneyim kazand\u0131ktan sonra T\u00fcrkiye\u2019de avukatl\u0131k faaliyetine devam etmi\u015ftir. Hukukun pek \u00e7ok alan\u0131nda deneyime sahiptir. \u00d6zellikle g\u00f6\u00e7 ve [&hellip;]<\/p>","protected":false},"author":1,"featured_media":0,"parent":0,"menu_order":0,"comment_status":"closed","ping_status":"closed","template":"","meta":{"_et_pb_use_builder":"on","_et_pb_old_content":"<!-- wp:divi\/placeholder \/-->","_et_gb_content_width":"","_joinchat":[],"footnotes":""},"class_list":["post-34","page","type-page","status-publish","hentry"],"jetpack_sharing_enabled":true,"_links":{"self":[{"href":"https:\/\/www.gbjurapartners.com\/de\/wp-json\/wp\/v2\/pages\/34","targetHints":{"allow":["GET"]}}],"collection":[{"href":"https:\/\/www.gbjurapartners.com\/de\/wp-json\/wp\/v2\/pages"}],"about":[{"href":"https:\/\/www.gbjurapartners.com\/de\/wp-json\/wp\/v2\/types\/page"}],"author":[{"embeddable":true,"href":"https:\/\/www.gbjurapartners.com\/de\/wp-json\/wp\/v2\/users\/1"}],"replies":[{"embeddable":true,"href":"https:\/\/www.gbjurapartners.com\/de\/wp-json\/wp\/v2\/comments?post=34"}],"version-history":[{"count":14,"href":"https:\/\/www.gbjurapartners.com\/de\/wp-json\/wp\/v2\/pages\/34\/revisions"}],"predecessor-version":[{"id":338,"href":"https:\/\/www.gbjurapartners.com\/de\/wp-json\/wp\/v2\/pages\/34\/revisions\/338"}],"wp:attachment":[{"href":"https:\/\/www.gbjurapartners.com\/de\/wp-json\/wp\/v2\/media?parent=34"}],"curies":[{"name":"wp","href":"https:\/\/api.w.org\/{rel}","templated":true}]}}