{"id":9,"date":"2025-06-26T07:51:55","date_gmt":"2025-06-26T07:51:55","guid":{"rendered":"https:\/\/www.gbjurapartners.com\/?page_id=9"},"modified":"2025-11-13T23:02:35","modified_gmt":"2025-11-13T23:02:35","slug":"ana-sayfa","status":"publish","type":"page","link":"https:\/\/www.gbjurapartners.com\/de\/","title":{"rendered":"Startseite"},"content":{"rendered":"<p>[et_pb_section fb_built=&#8221;1&#8243; fullwidth=&#8221;on&#8221; disabled_on=&#8221;on|on|off&#8221; _builder_version=&#8221;4.27.4&#8243; _module_preset=&#8221;default&#8221; width_tablet=&#8221;&#8221; width_phone=&#8221;99%&#8221; width_last_edited=&#8221;on|phone&#8221; custom_margin=&#8221;-56px||||false|false&#8221; da_disable_devices=&#8221;off|off|off&#8221; global_colors_info=&#8221;{}&#8221; max_width__hover_enabled=&#8221;off|desktop&#8221; da_is_popup=&#8221;off&#8221; da_exit_intent=&#8221;off&#8221; da_has_close=&#8221;on&#8221; da_alt_close=&#8221;off&#8221; da_dark_close=&#8221;off&#8221; da_not_modal=&#8221;on&#8221; da_is_singular=&#8221;off&#8221; da_with_loader=&#8221;off&#8221; da_has_shadow=&#8221;on&#8221;][et_pb_fullwidth_header title=&#8221;Almanya&#8217;daki T\u00fcrkler i\u00e7in Hukuki Dan\u0131\u015fmanl\u0131k&#8221; text_orientation=&#8221;center&#8221; header_scroll_down=&#8221;on&#8221; scroll_down_icon=&#8221;%%9%%&#8221; scroll_down_icon_color=&#8221;#c1923d&#8221; logo_image_url=&#8221;https:\/\/www.gbjurapartners.com\/wp-content\/uploads\/2025\/09\/logo.png&#8221; _builder_version=&#8221;4.27.4&#8243; _module_preset=&#8221;default&#8221; title_font=&#8221;Dancing Script||||||||&#8221; title_font_size=&#8221;36px&#8221; content_font=&#8221;Bitter||||||||&#8221; content_font_size=&#8221;16px&#8221; content_line_height=&#8221;1.6em&#8221; background_color=&#8221;rgba(0,66,1,0.3)&#8221; background_image=&#8221;https:\/\/www.gbjurapartners.com\/wp-content\/uploads\/2025\/11\/Gemini_Generated_Image_pffmv6pffmv6pffm-1.png&#8221; background_position=&#8221;center_left&#8221; background_blend=&#8221;multiply&#8221; global_colors_info=&#8221;{}&#8221;]<\/p>\n<p style=\"text-align: center;\">Wir kennen die rechtlichen Herausforderungen, mit denen t\u00fcrkische Staatsb\u00fcrgerinnen und Staatsb\u00fcrger sowie ihre Familien in Deutschland konfrontiert sind, ganz genau.\nAls GB JURA PARTNERS stehen wir \u2013 Rechtsanw\u00e4ltin Emine Bendenur G\u00fclkan Kanbur und Rechtsanw\u00e4ltin Melike Merve Balo \u2013 gemeinsam mit unserem gesamten Team an Ihrer Seite. Beide von uns haben viele Jahre im Ausland gelebt und beherrschen T\u00fcrkisch, Englisch und Deutsch auf muttersprachlichem Niveau.<\/p>\n<p style=\"text-align: center;\">Mit einem Team, das aus der tief verwurzelten Rechtskultur Ankaras stammt und \u00fcber direkte Anwaltserfahrung in Deutschland verf\u00fcgt, bauen wir eine verl\u00e4ssliche Br\u00fccke zwischen den Rechtssystemen beider L\u00e4nder.\nWir bieten nicht nur juristische Beratung an \u2013 wir m\u00f6chten Ihr vertrauensvoller Partner sein, der Sie versteht\u00a0und\u00a0begleitet.<\/p>\n<p>[\/et_pb_fullwidth_header][\/et_pb_section][et_pb_section fb_built=&#8221;1&#8243; disabled_on=&#8221;off|off|on&#8221; _builder_version=&#8221;4.27.4&#8243; _module_preset=&#8221;default&#8221; background_image=&#8221;https:\/\/www.gbjurapartners.com\/wp-content\/uploads\/2025\/11\/homemob.png&#8221; da_disable_devices=&#8221;off|off|off&#8221; global_colors_info=&#8221;{}&#8221; da_is_popup=&#8221;off&#8221; da_exit_intent=&#8221;off&#8221; da_has_close=&#8221;on&#8221; da_alt_close=&#8221;off&#8221; da_dark_close=&#8221;off&#8221; da_not_modal=&#8221;on&#8221; da_is_singular=&#8221;off&#8221; da_with_loader=&#8221;off&#8221; da_has_shadow=&#8221;on&#8221;][et_pb_row _builder_version=&#8221;4.27.4&#8243; _module_preset=&#8221;default&#8221; width=&#8221;90%&#8221; hover_enabled=&#8221;0&#8243; global_colors_info=&#8221;{}&#8221; sticky_enabled=&#8221;0&#8243;][et_pb_column type=&#8221;4_4&#8243; _builder_version=&#8221;4.27.4&#8243; _module_preset=&#8221;default&#8221; global_colors_info=&#8221;{}&#8221;][et_pb_image src=&#8221;https:\/\/www.gbjurapartners.com\/wp-content\/uploads\/2025\/09\/logo.png&#8221; title_text=&#8221;GB&#8221; align=&#8221;center&#8221; _builder_version=&#8221;4.27.4&#8243; _module_preset=&#8221;default&#8221; height=&#8221;200px&#8221; global_colors_info=&#8221;{}&#8221;][\/et_pb_image][et_pb_text _builder_version=&#8221;4.27.4&#8243; _module_preset=&#8221;default&#8221; header_2_font=&#8221;Dancing Script|600|||||||&#8221; header_2_font_size=&#8221;32px&#8221; header_2_line_height=&#8221;1.2em&#8221; text_orientation=&#8221;center&#8221; background_layout=&#8221;dark&#8221; header_2_text_shadow_style=&#8221;preset5&#8243; global_colors_info=&#8221;{}&#8221;]<\/p>\n<h2 style=\"text-align: center;\">Rechtsberatung f\u00fcr T\u00fcrken in Deutschland<\/h2>\n<p style=\"text-align: justify;\">Wir kennen die rechtlichen Herausforderungen, mit denen t\u00fcrkische Staatsb\u00fcrgerinnen und Staatsb\u00fcrger sowie ihre Familien in Deutschland konfrontiert sind, ganz genau.\nAls GB JURA PARTNERS stehen wir \u2013 Rechtsanw\u00e4ltin Emine Bendenur G\u00fclkan Kanbur und Rechtsanw\u00e4ltin Melike Merve Balo \u2013 gemeinsam mit unserem gesamten Team an Ihrer Seite. Beide von uns haben viele Jahre im Ausland gelebt und beherrschen T\u00fcrkisch, Englisch und Deutsch auf muttersprachlichem Niveau.<\/p>\n<p style=\"text-align: justify;\">Mit einem Team, das aus der tief verwurzelten Rechtskultur Ankaras stammt und \u00fcber direkte Anwaltserfahrung in Deutschland verf\u00fcgt, bauen wir eine verl\u00e4ssliche Br\u00fccke zwischen den Rechtssystemen beider L\u00e4nder.\nWir bieten nicht nur juristische Beratung an \u2013 wir m\u00f6chten Ihr vertrauensvoller Partner sein, der Sie versteht\u00a0und\u00a0begleitet.<\/p>\n<p>[\/et_pb_text][\/et_pb_column][\/et_pb_row][\/et_pb_section][et_pb_section fb_built=&#8221;1&#8243; _builder_version=&#8221;4.27.4&#8243; _module_preset=&#8221;default&#8221; custom_padding=&#8221;0px||0px||true|false&#8221; da_disable_devices=&#8221;off|off|off&#8221; global_colors_info=&#8221;{}&#8221; da_is_popup=&#8221;off&#8221; da_exit_intent=&#8221;off&#8221; da_has_close=&#8221;on&#8221; da_alt_close=&#8221;off&#8221; da_dark_close=&#8221;off&#8221; da_not_modal=&#8221;on&#8221; da_is_singular=&#8221;off&#8221; da_with_loader=&#8221;off&#8221; da_has_shadow=&#8221;on&#8221;][et_pb_row column_structure=&#8221;1_2,1_2&#8243; _builder_version=&#8221;4.27.4&#8243; _module_preset=&#8221;default&#8221; locked=&#8221;off&#8221; global_colors_info=&#8221;{}&#8221;][et_pb_column type=&#8221;1_2&#8243; _builder_version=&#8221;4.27.4&#8243; _module_preset=&#8221;default&#8221; global_colors_info=&#8221;{}&#8221;][et_pb_image src=&#8221;https:\/\/www.gbjurapartners.com\/wp-content\/uploads\/2025\/10\/merve.png&#8221; title_text=&#8221;merve&#8221; align=&#8221;center&#8221; _builder_version=&#8221;4.27.4&#8243; _module_preset=&#8221;default&#8221; height=&#8221;350px&#8221; global_colors_info=&#8221;{}&#8221;][\/et_pb_image][et_pb_text _builder_version=&#8221;4.27.4&#8243; _module_preset=&#8221;default&#8221; text_font=&#8221;Bitter||||||||&#8221; global_colors_info=&#8221;{}&#8221;]<\/p>\n<h2 style=\"text-align: center;\">Av. Melike Merve BALO<\/h2>\n<h3 style=\"text-align: center;\"><a href=\"tel:+491631779659\"><strong>+49 163 177 96 59<\/strong><\/a><\/h3>\n<p>[\/et_pb_text][et_pb_social_media_follow _builder_version=&#8221;4.27.4&#8243; _module_preset=&#8221;default&#8221; text_orientation=&#8221;center&#8221; global_colors_info=&#8221;{}&#8221;][et_pb_social_media_follow_network social_network=&#8221;whatsapp&#8221; url=&#8221;https:\/\/wa.me\/491631779659&#8243; _builder_version=&#8221;4.27.4&#8243; _module_preset=&#8221;default&#8221; background_color=&#8221;#25D366&#8243; global_colors_info=&#8221;{}&#8221; follow_button=&#8221;off&#8221; url_new_window=&#8221;on&#8221;]whatsapp[\/et_pb_social_media_follow_network][et_pb_social_media_follow_network social_network=&#8221;telegram&#8221; _builder_version=&#8221;4.27.4&#8243; _module_preset=&#8221;default&#8221; background_color=&#8221;#179cde&#8221; global_colors_info=&#8221;{}&#8221; follow_button=&#8221;off&#8221; url_new_window=&#8221;on&#8221;]telegram[\/et_pb_social_media_follow_network][\/et_pb_social_media_follow][\/et_pb_column][et_pb_column type=&#8221;1_2&#8243; _builder_version=&#8221;4.27.4&#8243; _module_preset=&#8221;default&#8221; global_colors_info=&#8221;{}&#8221;][et_pb_image src=&#8221;https:\/\/www.gbjurapartners.com\/wp-content\/uploads\/2025\/10\/bendenur.png&#8221; title_text=&#8221;bendenur&#8221; align=&#8221;center&#8221; _builder_version=&#8221;4.27.4&#8243; _module_preset=&#8221;default&#8221; height=&#8221;350px&#8221; global_colors_info=&#8221;{}&#8221;][\/et_pb_image][et_pb_text _builder_version=&#8221;4.27.4&#8243; _module_preset=&#8221;default&#8221; text_font=&#8221;Bitter||||||||&#8221; global_colors_info=&#8221;{}&#8221;]<\/p>\n<h2 style=\"text-align: center;\">Av. Emine Bendenur G\u00dcLKAN KANBUR<\/h2>\n<h3 style=\"text-align: center;\"><a href=\"tel:+905076566105\"><strong>+90 507 656 61 05<\/strong><\/a><\/h3>\n<p>[\/et_pb_text][et_pb_social_media_follow _builder_version=&#8221;4.27.4&#8243; _module_preset=&#8221;default&#8221; text_orientation=&#8221;center&#8221; global_colors_info=&#8221;{}&#8221;][et_pb_social_media_follow_network social_network=&#8221;whatsapp&#8221; url=&#8221;https:\/\/wa.me\/905076566105&#8243; _builder_version=&#8221;4.27.4&#8243; _module_preset=&#8221;default&#8221; background_color=&#8221;#25D366&#8243; global_colors_info=&#8221;{}&#8221; follow_button=&#8221;off&#8221; url_new_window=&#8221;on&#8221;]whatsapp[\/et_pb_social_media_follow_network][et_pb_social_media_follow_network social_network=&#8221;telegram&#8221; _builder_version=&#8221;4.27.4&#8243; _module_preset=&#8221;default&#8221; background_color=&#8221;#179cde&#8221; global_colors_info=&#8221;{}&#8221; follow_button=&#8221;off&#8221; url_new_window=&#8221;on&#8221;]telegram[\/et_pb_social_media_follow_network][\/et_pb_social_media_follow][\/et_pb_column][\/et_pb_row][\/et_pb_section][et_pb_section fb_built=&#8221;1&#8243; _builder_version=&#8221;4.27.4&#8243; _module_preset=&#8221;default&#8221; background_color=&#8221;#0c3026&#8243; use_background_color_gradient=&#8221;on&#8221; background_color_gradient_stops=&#8221;#487559 0%|#375940 53%|#2c4f3a 100%&#8221; background_enable_image=&#8221;off&#8221; background_position=&#8221;bottom_center&#8221; da_disable_devices=&#8221;off|off|off&#8221; global_colors_info=&#8221;{}&#8221; da_is_popup=&#8221;off&#8221; da_exit_intent=&#8221;off&#8221; da_has_close=&#8221;on&#8221; da_alt_close=&#8221;off&#8221; da_dark_close=&#8221;off&#8221; da_not_modal=&#8221;on&#8221; da_is_singular=&#8221;off&#8221; da_with_loader=&#8221;off&#8221; da_has_shadow=&#8221;on&#8221;][et_pb_row _builder_version=&#8221;4.27.4&#8243; _module_preset=&#8221;default&#8221; max_width=&#8221;1920px&#8221; global_colors_info=&#8221;{}&#8221;][et_pb_column type=&#8221;4_4&#8243; _builder_version=&#8221;4.27.4&#8243; _module_preset=&#8221;default&#8221; global_colors_info=&#8221;{}&#8221;][et_pb_text _builder_version=&#8221;4.27.4&#8243; _module_preset=&#8221;default&#8221; text_font=&#8221;Dancing Script||||||||&#8221; header_font=&#8221;Bitter||||||||&#8221; header_font_size=&#8221;40px&#8221; background_layout=&#8221;dark&#8221; global_colors_info=&#8221;{}&#8221;]<\/p>\n<h1 style=\"text-align: center;\"><span>Sie k\u00f6nnen uns auf T\u00fcrkisch oder Deutsch kontaktieren.<\/span><\/h1>\n<p>[\/et_pb_text][\/et_pb_column][\/et_pb_row][\/et_pb_section][et_pb_section fb_built=&#8221;1&#8243; _builder_version=&#8221;4.27.4&#8243; _module_preset=&#8221;default&#8221; da_disable_devices=&#8221;off|off|off&#8221; global_colors_info=&#8221;{}&#8221; da_is_popup=&#8221;off&#8221; da_exit_intent=&#8221;off&#8221; da_has_close=&#8221;on&#8221; da_alt_close=&#8221;off&#8221; da_dark_close=&#8221;off&#8221; da_not_modal=&#8221;on&#8221; da_is_singular=&#8221;off&#8221; da_with_loader=&#8221;off&#8221; da_has_shadow=&#8221;on&#8221;][et_pb_row _builder_version=&#8221;4.27.4&#8243; _module_preset=&#8221;default&#8221; width=&#8221;95%&#8221; max_width=&#8221;1920px&#8221; global_colors_info=&#8221;{}&#8221;][et_pb_column type=&#8221;4_4&#8243; _builder_version=&#8221;4.27.4&#8243; _module_preset=&#8221;default&#8221; global_colors_info=&#8221;{}&#8221;][wdcl_image_carousel nav_pagi=&#8221;nav_pagi&#8221; slide_count=&#8221;5&#8243; is_auto_height=&#8221;on&#8221; arrow_color=&#8221;#FFFFFF&#8221; arrow_bg=&#8221;#20540a&#8221; icon_left=&#8221;&#x44;||divi||400&#8243; icon_right=&#8221;&#x45;||divi||400&#8243; slide_count_tablet=&#8221;3&#8243; slide_count_phone=&#8221;1&#8243; slide_count_last_edited=&#8221;on|phone&#8221; _builder_version=&#8221;4.27.4&#8243; _module_preset=&#8221;default&#8221; link_option_url=&#8221;\/faaliyetler\/&#8221; global_colors_info=&#8221;{}&#8221;][wdcl_image_carousel_child photo=&#8221;https:\/\/www.gbjurapartners.com\/wp-content\/uploads\/2025\/11\/Gemini_Generated_Image_mkn5qsmkn5qsmkn5.png&#8221; photo_alt=&#8221;Miras Hukuku&#8221; title=&#8221;Miras Hukuku&#8221; content_pos_y=&#8221;flex-end&#8221; image_hover_animation=&#8221;zoom-in&#8221; content_bg_color=&#8221;#0c3026&#8243; _builder_version=&#8221;4.27.4&#8243; _module_preset=&#8221;default&#8221; title_font=&#8221;Bitter||||||||&#8221; title_text_color=&#8221;#e5c26b&#8221; link_option_url=&#8221;\/faaliyetler\/&#8221; global_colors_info=&#8221;{}&#8221;][\/wdcl_image_carousel_child][wdcl_image_carousel_child photo=&#8221;https:\/\/www.gbjurapartners.com\/wp-content\/uploads\/2025\/11\/Gemini_Generated_Image_m8dzshm8dzshm8dz.png&#8221; photo_alt=&#8221;Uluslararas\u0131 Ticaret ve \u015eirketler Hukuku&#8221; title=&#8221;Uluslararas\u0131 Ticaret ve \u015eirketler Hukuku&#8221; content_pos_y=&#8221;flex-end&#8221; image_hover_animation=&#8221;zoom-in&#8221; content_bg_color=&#8221;#0c3026&#8243; _builder_version=&#8221;4.27.4&#8243; _module_preset=&#8221;default&#8221; title_font=&#8221;Bitter||||||||&#8221; title_text_color=&#8221;#e5c26b&#8221; global_colors_info=&#8221;{}&#8221;][\/wdcl_image_carousel_child][wdcl_image_carousel_child photo=&#8221;https:\/\/www.gbjurapartners.com\/wp-content\/uploads\/2025\/11\/tanima.jpg&#8221; photo_alt=&#8221;Tan\u0131ma ve Tenfiz Davalar\u0131&#8221; title=&#8221;Tan\u0131ma ve Tenfiz Davalar\u0131&#8221; content_pos_y=&#8221;flex-end&#8221; image_hover_animation=&#8221;zoom-in&#8221; content_bg_color=&#8221;#0c3026&#8243; _builder_version=&#8221;4.27.4&#8243; _module_preset=&#8221;default&#8221; title_font=&#8221;Bitter||||||||&#8221; title_text_color=&#8221;#e5c26b&#8221; global_colors_info=&#8221;{}&#8221;][\/wdcl_image_carousel_child][wdcl_image_carousel_child photo=&#8221;https:\/\/www.gbjurapartners.com\/wp-content\/uploads\/2025\/11\/bosanma.jpg&#8221; photo_alt=&#8221;Bo\u015fanma ve Aile Hukuku Davalar\u0131&#8221; title=&#8221;Bo\u015fanma ve Aile Hukuku Davalar\u0131&#8221; content_pos_y=&#8221;flex-end&#8221; image_hover_animation=&#8221;zoom-in&#8221; content_bg_color=&#8221;#0c3026&#8243; _builder_version=&#8221;4.27.4&#8243; _module_preset=&#8221;default&#8221; title_font=&#8221;Bitter||||||||&#8221; title_text_color=&#8221;#e5c26b&#8221; global_colors_info=&#8221;{}&#8221;][\/wdcl_image_carousel_child][wdcl_image_carousel_child photo=&#8221;https:\/\/www.gbjurapartners.com\/wp-content\/uploads\/2025\/11\/Gemini_Generated_Image_1df5ai1df5ai1df5.png&#8221; photo_alt=&#8221;G\u00f6\u00e7 Hukuku ve \u0130ltica Hukuku&#8221; title=&#8221;G\u00f6\u00e7 Hukuku ve \u0130ltica Hukuku&#8221; content_pos_y=&#8221;flex-end&#8221; image_hover_animation=&#8221;zoom-in&#8221; content_bg_color=&#8221;#0c3026&#8243; _builder_version=&#8221;4.27.4&#8243; _module_preset=&#8221;default&#8221; title_font=&#8221;Bitter||||||||&#8221; title_text_color=&#8221;#e5c26b&#8221; global_colors_info=&#8221;{}&#8221;][\/wdcl_image_carousel_child][wdcl_image_carousel_child photo=&#8221;https:\/\/www.gbjurapartners.com\/wp-content\/uploads\/2025\/11\/icra.jpg&#8221; photo_alt=&#8221;\u0130cra ve \u0130flas Hukuku&#8221; title=&#8221;\u0130cra ve \u0130flas Hukuku&#8221; content_pos_y=&#8221;flex-end&#8221; image_hover_animation=&#8221;zoom-in&#8221; content_bg_color=&#8221;#0c3026&#8243; _builder_version=&#8221;4.27.4&#8243; _module_preset=&#8221;default&#8221; title_font=&#8221;Bitter||||||||&#8221; title_text_color=&#8221;#e5c26b&#8221; global_colors_info=&#8221;{}&#8221;][\/wdcl_image_carousel_child][wdcl_image_carousel_child photo=&#8221;https:\/\/www.gbjurapartners.com\/wp-content\/uploads\/2025\/11\/noter.jpg&#8221; photo_alt=&#8221;Vekaletname ve Noter \u0130\u015flemleri&#8221; title=&#8221;Vekaletname ve Noter \u0130\u015flemleri&#8221; content_pos_y=&#8221;flex-end&#8221; image_hover_animation=&#8221;zoom-in&#8221; content_bg_color=&#8221;#0c3026&#8243; _builder_version=&#8221;4.27.4&#8243; _module_preset=&#8221;default&#8221; title_font=&#8221;Bitter||||||||&#8221; title_text_color=&#8221;#e5c26b&#8221; global_colors_info=&#8221;{}&#8221;][\/wdcl_image_carousel_child][wdcl_image_carousel_child photo=&#8221;https:\/\/www.gbjurapartners.com\/wp-content\/uploads\/2025\/11\/Gemini_Generated_Image_3bti0n3bti0n3bti.png&#8221; photo_alt=&#8221;Vatanda\u015fl\u0131k \u2013 Oturum \u2013 \u00c7al\u0131\u015fma \u0130zni S\u00fcre\u00e7leri&#8221; title=&#8221;Vatanda\u015fl\u0131k \u2013 Oturum \u2013 \u00c7al\u0131\u015fma \u0130zni S\u00fcre\u00e7leri&#8221; content_pos_y=&#8221;flex-end&#8221; image_hover_animation=&#8221;zoom-in&#8221; content_bg_color=&#8221;#0c3026&#8243; _builder_version=&#8221;4.27.4&#8243; _module_preset=&#8221;default&#8221; title_font=&#8221;Bitter||||||||&#8221; title_text_color=&#8221;#e5c26b&#8221; global_colors_info=&#8221;{}&#8221;][\/wdcl_image_carousel_child][wdcl_image_carousel_child photo=&#8221;https:\/\/www.gbjurapartners.com\/wp-content\/uploads\/2025\/11\/terazi.jpg&#8221; photo_alt=&#8221;T\u00fcrk Avukatlar\u0131n Alman Barolar\u0131na Kay\u0131t S\u00fcre\u00e7leri&#8221; title=&#8221;T\u00fcrk Avukatlar\u0131n Alman Barolar\u0131na Kay\u0131t S\u00fcre\u00e7leri&#8221; content_pos_y=&#8221;flex-end&#8221; image_hover_animation=&#8221;zoom-in&#8221; content_bg_color=&#8221;#0c3026&#8243; _builder_version=&#8221;4.27.4&#8243; _module_preset=&#8221;default&#8221; title_font=&#8221;Bitter||||||||&#8221; title_text_color=&#8221;#e5c26b&#8221; global_colors_info=&#8221;{}&#8221;][\/wdcl_image_carousel_child][\/wdcl_image_carousel][\/et_pb_column][\/et_pb_row][\/et_pb_section]<\/p>","protected":false},"excerpt":{"rendered":"<p>Almanya\u2019da ya\u015fayan T\u00fcrk vatanda\u015flar\u0131m\u0131z\u0131n ve ailelerinin kar\u015f\u0131la\u015ft\u0131\u011f\u0131 hukuki s\u00fcre\u00e7leri yak\u0131ndan biliyoruz. GB JURA PARTNERS olarak, her ikisi de uzun y\u0131llar yurtd\u0131\u015f\u0131nda ya\u015fam\u0131\u015f, T\u00fcrk\u00e7e,\u0130ngilizce ve Almanca\u2019ya ana dili d\u00fczeyinde hakim olan iki avukat \u2014 Av. Emine Bendenur G\u00fclkan Kanbur ve Av. Melike Merve Balo \u2014 olarak ve t\u00fcm ekibimizle yan\u0131n\u0131zday\u0131z. Ankara\u2019n\u0131n k\u00f6kl\u00fc hukuk gelene\u011finden gelen, Almanya\u2019da [&hellip;]<\/p>","protected":false},"author":1,"featured_media":0,"parent":0,"menu_order":0,"comment_status":"closed","ping_status":"closed","template":"","meta":{"_et_pb_use_builder":"on","_et_pb_old_content":"","_et_gb_content_width":"","_joinchat":[],"footnotes":""},"class_list":["post-9","page","type-page","status-publish","hentry"],"jetpack_sharing_enabled":true,"_links":{"self":[{"href":"https:\/\/www.gbjurapartners.com\/de\/wp-json\/wp\/v2\/pages\/9","targetHints":{"allow":["GET"]}}],"collection":[{"href":"https:\/\/www.gbjurapartners.com\/de\/wp-json\/wp\/v2\/pages"}],"about":[{"href":"https:\/\/www.gbjurapartners.com\/de\/wp-json\/wp\/v2\/types\/page"}],"author":[{"embeddable":true,"href":"https:\/\/www.gbjurapartners.com\/de\/wp-json\/wp\/v2\/users\/1"}],"replies":[{"embeddable":true,"href":"https:\/\/www.gbjurapartners.com\/de\/wp-json\/wp\/v2\/comments?post=9"}],"version-history":[{"count":46,"href":"https:\/\/www.gbjurapartners.com\/de\/wp-json\/wp\/v2\/pages\/9\/revisions"}],"predecessor-version":[{"id":359,"href":"https:\/\/www.gbjurapartners.com\/de\/wp-json\/wp\/v2\/pages\/9\/revisions\/359"}],"wp:attachment":[{"href":"https:\/\/www.gbjurapartners.com\/de\/wp-json\/wp\/v2\/media?parent=9"}],"curies":[{"name":"wp","href":"https:\/\/api.w.org\/{rel}","templated":true}]}}